{"id":1919,"date":"2024-05-30T09:26:58","date_gmt":"2024-05-30T14:26:58","guid":{"rendered":"https:\/\/nuevaweb.ccsmotor.com.co\/?page_id=1919"},"modified":"2024-05-30T16:36:16","modified_gmt":"2024-05-30T21:36:16","slug":"importadores","status":"publish","type":"page","link":"https:\/\/nuevaweb.ccsmotor.com.co\/index.php\/importadores\/","title":{"rendered":"IMPORTADORES"},"content":{"rendered":"\t\t<div data-elementor-type=\"wp-page\" data-elementor-id=\"1919\" class=\"elementor elementor-1919\" data-elementor-post-type=\"page\">\n\t\t\t\t<div class=\"elementor-element elementor-element-4c23c44 e-flex e-con-boxed e-con e-parent\" data-id=\"4c23c44\" data-element_type=\"container\">\n\t\t\t\t\t<div class=\"e-con-inner\">\n\t\t\t\t<div class=\"elementor-element elementor-element-0ef253a elementor-widget elementor-widget-spacer\" data-id=\"0ef253a\" data-element_type=\"widget\" data-widget_type=\"spacer.default\">\n\t\t\t\t<div class=\"elementor-widget-container\">\n\t\t\t<style>\/*! elementor - v3.21.0 - 25-04-2024 *\/\n.elementor-column .elementor-spacer-inner{height:var(--spacer-size)}.e-con{--container-widget-width:100%}.e-con-inner>.elementor-widget-spacer,.e-con>.elementor-widget-spacer{width:var(--container-widget-width,var(--spacer-size));--align-self:var(--container-widget-align-self,initial);--flex-shrink:0}.e-con-inner>.elementor-widget-spacer>.elementor-widget-container,.e-con>.elementor-widget-spacer>.elementor-widget-container{height:100%;width:100%}.e-con-inner>.elementor-widget-spacer>.elementor-widget-container>.elementor-spacer,.e-con>.elementor-widget-spacer>.elementor-widget-container>.elementor-spacer{height:100%}.e-con-inner>.elementor-widget-spacer>.elementor-widget-container>.elementor-spacer>.elementor-spacer-inner,.e-con>.elementor-widget-spacer>.elementor-widget-container>.elementor-spacer>.elementor-spacer-inner{height:var(--container-widget-height,var(--spacer-size))}.e-con-inner>.elementor-widget-spacer.elementor-widget-empty,.e-con>.elementor-widget-spacer.elementor-widget-empty{position:relative;min-height:22px;min-width:22px}.e-con-inner>.elementor-widget-spacer.elementor-widget-empty .elementor-widget-empty-icon,.e-con>.elementor-widget-spacer.elementor-widget-empty .elementor-widget-empty-icon{position:absolute;top:0;bottom:0;left:0;right:0;margin:auto;padding:0;width:22px;height:22px}<\/style>\t\t<div class=\"elementor-spacer\">\n\t\t\t<div class=\"elementor-spacer-inner\"><\/div>\n\t\t<\/div>\n\t\t\t\t<\/div>\n\t\t\t\t<\/div>\n\t\t\t\t<div class=\"elementor-element elementor-element-d942bca elementor-widget elementor-widget-image\" data-id=\"d942bca\" data-element_type=\"widget\" data-widget_type=\"image.default\">\n\t\t\t\t<div class=\"elementor-widget-container\">\n\t\t\t<style>\/*! elementor - v3.21.0 - 25-04-2024 *\/\n.elementor-widget-image{text-align:center}.elementor-widget-image a{display:inline-block}.elementor-widget-image a img[src$=\".svg\"]{width:48px}.elementor-widget-image img{vertical-align:middle;display:inline-block}<\/style>\t\t\t\t\t\t\t\t\t\t<img fetchpriority=\"high\" decoding=\"async\" width=\"800\" height=\"120\" src=\"https:\/\/nuevaweb.ccsmotor.com.co\/wp-content\/uploads\/2024\/05\/tvs-motor-logo-01-1024x154.png\" class=\"attachment-large size-large wp-image-587\" alt=\"\" srcset=\"https:\/\/nuevaweb.ccsmotor.com.co\/wp-content\/uploads\/2024\/05\/tvs-motor-logo-01-1024x154.png 1024w, https:\/\/nuevaweb.ccsmotor.com.co\/wp-content\/uploads\/2024\/05\/tvs-motor-logo-01-300x45.png 300w, https:\/\/nuevaweb.ccsmotor.com.co\/wp-content\/uploads\/2024\/05\/tvs-motor-logo-01-768x116.png 768w, https:\/\/nuevaweb.ccsmotor.com.co\/wp-content\/uploads\/2024\/05\/tvs-motor-logo-01-1536x231.png 1536w, https:\/\/nuevaweb.ccsmotor.com.co\/wp-content\/uploads\/2024\/05\/tvs-motor-logo-01-2048x308.png 2048w\" sizes=\"(max-width: 800px) 100vw, 800px\" \/>\t\t\t\t\t\t\t\t\t\t\t\t\t<\/div>\n\t\t\t\t<\/div>\n\t\t\t\t\t<\/div>\n\t\t\t\t<\/div>\n\t\t<div class=\"elementor-element elementor-element-fd3a692 e-con-full e-flex e-con e-parent\" data-id=\"fd3a692\" data-element_type=\"container\">\n\t\t<div class=\"elementor-element elementor-element-2723604 e-con-full e-flex e-con e-child\" data-id=\"2723604\" data-element_type=\"container\">\n\t\t\t\t<div class=\"elementor-element elementor-element-bcb6f7e elementor-widget elementor-widget-heading\" data-id=\"bcb6f7e\" data-element_type=\"widget\" data-widget_type=\"heading.default\">\n\t\t\t\t<div class=\"elementor-widget-container\">\n\t\t\t<style>\/*! elementor - v3.21.0 - 25-04-2024 *\/\n.elementor-heading-title{padding:0;margin:0;line-height:1}.elementor-widget-heading .elementor-heading-title[class*=elementor-size-]>a{color:inherit;font-size:inherit;line-height:inherit}.elementor-widget-heading .elementor-heading-title.elementor-size-small{font-size:15px}.elementor-widget-heading .elementor-heading-title.elementor-size-medium{font-size:19px}.elementor-widget-heading .elementor-heading-title.elementor-size-large{font-size:29px}.elementor-widget-heading .elementor-heading-title.elementor-size-xl{font-size:39px}.elementor-widget-heading .elementor-heading-title.elementor-size-xxl{font-size:59px}<\/style><h2 class=\"elementor-heading-title elementor-size-default\">Auteco Corporativo (TVS)<\/h2>\t\t<\/div>\n\t\t\t\t<\/div>\n\t\t\t\t<div class=\"elementor-element elementor-element-c67d08f elementor-widget__width-initial elementor-widget elementor-widget-text-editor\" data-id=\"c67d08f\" data-element_type=\"widget\" data-widget_type=\"text-editor.default\">\n\t\t\t\t<div class=\"elementor-widget-container\">\n\t\t\t<style>\/*! elementor - v3.21.0 - 25-04-2024 *\/\n.elementor-widget-text-editor.elementor-drop-cap-view-stacked .elementor-drop-cap{background-color:#69727d;color:#fff}.elementor-widget-text-editor.elementor-drop-cap-view-framed .elementor-drop-cap{color:#69727d;border:3px solid;background-color:transparent}.elementor-widget-text-editor:not(.elementor-drop-cap-view-default) .elementor-drop-cap{margin-top:8px}.elementor-widget-text-editor:not(.elementor-drop-cap-view-default) .elementor-drop-cap-letter{width:1em;height:1em}.elementor-widget-text-editor .elementor-drop-cap{float:left;text-align:center;line-height:1;font-size:50px}.elementor-widget-text-editor .elementor-drop-cap-letter{display:inline-block}<\/style>\t\t\t\t<p><strong>AUTECO\u00a0<\/strong>sirve con\u00a0<strong>entusiasmo, excelencia y dinamismo<\/strong>, las necesidades y expectativas de nuestros clientes internos y externos,\u00a0<strong>mejorando continuamente<\/strong>\u00a0la tecnolog\u00eda y la calidad de nuestros productos y servicios en las \u00e1reas de fabricaci\u00f3n y comercializaci\u00f3n, de manera que respondan a las necesidades de transporte, recreaci\u00f3n, diversi\u00f3n, equipos de trabajo, energ\u00eda y suministros para terceros, y en las dem\u00e1s actividades a las cuales se diversifique.<\/p>\t\t\t\t\t\t<\/div>\n\t\t\t\t<\/div>\n\t\t\t\t<\/div>\n\t\t<div class=\"elementor-element elementor-element-13fab19 e-con-full e-flex e-con e-child\" data-id=\"13fab19\" data-element_type=\"container\">\n\t\t\t\t<div class=\"elementor-element elementor-element-c84d0c7 elementor-widget elementor-widget-heading\" data-id=\"c84d0c7\" data-element_type=\"widget\" data-widget_type=\"heading.default\">\n\t\t\t\t<div class=\"elementor-widget-container\">\n\t\t\t<h2 class=\"elementor-heading-title elementor-size-default\">Creemos firmemente en nuestra misi\u00f3n, en servirles a nuestros clientes brind\u00e1ndoles siempre la m\u00e1s alta calidad.<\/h2>\t\t<\/div>\n\t\t\t\t<\/div>\n\t\t\t\t<\/div>\n\t\t\t\t<\/div>\n\t\t<div class=\"elementor-element elementor-element-4655387 e-flex e-con-boxed e-con e-parent\" data-id=\"4655387\" data-element_type=\"container\" data-settings=\"{&quot;background_background&quot;:&quot;classic&quot;}\">\n\t\t\t\t\t<div class=\"e-con-inner\">\n\t\t\t\t<div class=\"elementor-element elementor-element-85d05c9 elementor-widget elementor-widget-image\" data-id=\"85d05c9\" data-element_type=\"widget\" data-widget_type=\"image.default\">\n\t\t\t\t<div class=\"elementor-widget-container\">\n\t\t\t\t\t\t\t\t\t\t\t\t\t<img decoding=\"async\" width=\"800\" height=\"600\" src=\"https:\/\/nuevaweb.ccsmotor.com.co\/wp-content\/uploads\/2024\/05\/ktm-bike-industries3117.logowik.com_.png\" class=\"attachment-large size-large wp-image-276\" alt=\"\" srcset=\"https:\/\/nuevaweb.ccsmotor.com.co\/wp-content\/uploads\/2024\/05\/ktm-bike-industries3117.logowik.com_.png 866w, https:\/\/nuevaweb.ccsmotor.com.co\/wp-content\/uploads\/2024\/05\/ktm-bike-industries3117.logowik.com_-300x225.png 300w, https:\/\/nuevaweb.ccsmotor.com.co\/wp-content\/uploads\/2024\/05\/ktm-bike-industries3117.logowik.com_-768x576.png 768w\" sizes=\"(max-width: 800px) 100vw, 800px\" \/>\t\t\t\t\t\t\t\t\t\t\t\t\t<\/div>\n\t\t\t\t<\/div>\n\t\t\t\t\t<\/div>\n\t\t\t\t<\/div>\n\t\t<div class=\"elementor-element elementor-element-7409cab e-con-full e-flex e-con e-parent\" data-id=\"7409cab\" data-element_type=\"container\" data-settings=\"{&quot;background_background&quot;:&quot;classic&quot;}\">\n\t\t<div class=\"elementor-element elementor-element-a929305 e-con-full e-flex e-con e-child\" data-id=\"a929305\" data-element_type=\"container\">\n\t\t\t\t<div class=\"elementor-element elementor-element-7e76714 elementor-widget elementor-widget-heading\" data-id=\"7e76714\" data-element_type=\"widget\" data-widget_type=\"heading.default\">\n\t\t\t\t<div class=\"elementor-widget-container\">\n\t\t\t<h2 class=\"elementor-heading-title elementor-size-default\">Autocolombiana (KTM)<\/h2>\t\t<\/div>\n\t\t\t\t<\/div>\n\t\t\t\t<div class=\"elementor-element elementor-element-aa09d2f elementor-widget__width-initial elementor-widget-mobile__width-initial elementor-widget elementor-widget-text-editor\" data-id=\"aa09d2f\" data-element_type=\"widget\" data-widget_type=\"text-editor.default\">\n\t\t\t\t<div class=\"elementor-widget-container\">\n\t\t\t\t\t\t\t<p><strong>AUTOCOLOMBIANA\u00a0<\/strong>fundada en 2015, es una empresa del Grupo Autogermana\u00a0<strong>dedicada a la importaci\u00f3n de marcas premium en el sector de movilidad y aventura.<\/strong>\u00a0La empresa trae consigo todo el respaldo y tradici\u00f3n que da el hacer parte de un grupo con la experiencia e historia del Grupo Autogermana en Colombia, quienes por m\u00e1s de 40 a\u00f1os han sido representantes de un gran n\u00famero de marcas internacionales,\u00a0<strong>con los mejores est\u00e1ndares de calidad, respaldo y satisfacci\u00f3n de clientes.<\/strong><\/p>\t\t\t\t\t\t<\/div>\n\t\t\t\t<\/div>\n\t\t\t\t<\/div>\n\t\t<div class=\"elementor-element elementor-element-b2c841f e-con-full e-flex e-con e-child\" data-id=\"b2c841f\" data-element_type=\"container\">\n\t\t\t\t<div class=\"elementor-element elementor-element-60998c8 elementor-widget elementor-widget-heading\" data-id=\"60998c8\" data-element_type=\"widget\" data-widget_type=\"heading.default\">\n\t\t\t\t<div class=\"elementor-widget-container\">\n\t\t\t<h2 class=\"elementor-heading-title elementor-size-default\">Con los mejores est\u00e1ndares de calidad, respaldo y satisfacci\u00f3n de clientes.<\/h2>\t\t<\/div>\n\t\t\t\t<\/div>\n\t\t\t\t<\/div>\n\t\t\t\t<\/div>\n\t\t<div class=\"elementor-element elementor-element-a6f8a9f e-flex e-con-boxed e-con e-parent\" data-id=\"a6f8a9f\" data-element_type=\"container\">\n\t\t\t\t\t<div class=\"e-con-inner\">\n\t\t\t\t<div class=\"elementor-element elementor-element-c6b5fc9 elementor-widget elementor-widget-spacer\" data-id=\"c6b5fc9\" data-element_type=\"widget\" data-widget_type=\"spacer.default\">\n\t\t\t\t<div class=\"elementor-widget-container\">\n\t\t\t\t\t<div class=\"elementor-spacer\">\n\t\t\t<div class=\"elementor-spacer-inner\"><\/div>\n\t\t<\/div>\n\t\t\t\t<\/div>\n\t\t\t\t<\/div>\n\t\t\t\t\t<\/div>\n\t\t\t\t<\/div>\n\t\t<div class=\"elementor-element elementor-element-4e6cafc e-flex e-con-boxed e-con e-parent\" data-id=\"4e6cafc\" data-element_type=\"container\">\n\t\t\t\t\t<div class=\"e-con-inner\">\n\t\t<div class=\"elementor-element elementor-element-4803119 e-con-full e-flex e-con e-child\" data-id=\"4803119\" data-element_type=\"container\">\n\t\t\t\t<div class=\"elementor-element elementor-element-b0b5e5e elementor-view-default elementor-position-top elementor-mobile-position-top elementor-widget elementor-widget-icon-box\" data-id=\"b0b5e5e\" data-element_type=\"widget\" data-widget_type=\"icon-box.default\">\n\t\t\t\t<div class=\"elementor-widget-container\">\n\t\t\t<link rel=\"stylesheet\" href=\"https:\/\/nuevaweb.ccsmotor.com.co\/wp-content\/plugins\/elementor\/assets\/css\/widget-icon-box.min.css\">\t\t<div class=\"elementor-icon-box-wrapper\">\n\n\t\t\t\t\t\t<div class=\"elementor-icon-box-icon\">\n\t\t\t\t<span  class=\"elementor-icon elementor-animation-\">\n\t\t\t\t<svg aria-hidden=\"true\" class=\"e-font-icon-svg e-fas-tools\" viewBox=\"0 0 512 512\" xmlns=\"http:\/\/www.w3.org\/2000\/svg\"><path d=\"M501.1 395.7L384 278.6c-23.1-23.1-57.6-27.6-85.4-13.9L192 158.1V96L64 0 0 64l96 128h62.1l106.6 106.6c-13.6 27.8-9.2 62.3 13.9 85.4l117.1 117.1c14.6 14.6 38.2 14.6 52.7 0l52.7-52.7c14.5-14.6 14.5-38.2 0-52.7zM331.7 225c28.3 0 54.9 11 74.9 31l19.4 19.4c15.8-6.9 30.8-16.5 43.8-29.5 37.1-37.1 49.7-89.3 37.9-136.7-2.2-9-13.5-12.1-20.1-5.5l-74.4 74.4-67.9-11.3L334 98.9l74.4-74.4c6.6-6.6 3.4-17.9-5.7-20.2-47.4-11.7-99.6.9-136.6 37.9-28.5 28.5-41.9 66.1-41.2 103.6l82.1 82.1c8.1-1.9 16.5-2.9 24.7-2.9zm-103.9 82l-56.7-56.7L18.7 402.8c-25 25-25 65.5 0 90.5s65.5 25 90.5 0l123.6-123.6c-7.6-19.9-9.9-41.6-5-62.7zM64 472c-13.2 0-24-10.8-24-24 0-13.3 10.7-24 24-24s24 10.7 24 24c0 13.2-10.7 24-24 24z\"><\/path><\/svg>\t\t\t\t<\/span>\n\t\t\t<\/div>\n\t\t\t\n\t\t\t\t\t\t<div class=\"elementor-icon-box-content\">\n\n\t\t\t\t\t\t\t\t\t<h3 class=\"elementor-icon-box-title\">\n\t\t\t\t\t\t<span  >\n\t\t\t\t\t\t\tSERVICIO T\u00c9CNICO\t\t\t\t\t\t<\/span>\n\t\t\t\t\t<\/h3>\n\t\t\t\t\n\t\t\t\t\t\t\t\t\t<p class=\"elementor-icon-box-description\">\n\t\t\t\t\t\tTalleres y Respuestos Autorizados\t\t\t\t\t<\/p>\n\t\t\t\t\n\t\t\t<\/div>\n\t\t\t\n\t\t<\/div>\n\t\t\t\t<\/div>\n\t\t\t\t<\/div>\n\t\t\t\t<div class=\"elementor-element elementor-element-e0f76d0 elementor-widget elementor-widget-spacer\" data-id=\"e0f76d0\" data-element_type=\"widget\" data-widget_type=\"spacer.default\">\n\t\t\t\t<div class=\"elementor-widget-container\">\n\t\t\t\t\t<div class=\"elementor-spacer\">\n\t\t\t<div class=\"elementor-spacer-inner\"><\/div>\n\t\t<\/div>\n\t\t\t\t<\/div>\n\t\t\t\t<\/div>\n\t\t\t\t<\/div>\n\t\t<div class=\"elementor-element elementor-element-1c33883 e-con-full e-flex e-con e-child\" data-id=\"1c33883\" data-element_type=\"container\">\n\t\t\t\t<div class=\"elementor-element elementor-element-b2e9da7 elementor-view-default elementor-position-top elementor-mobile-position-top elementor-widget elementor-widget-icon-box\" data-id=\"b2e9da7\" data-element_type=\"widget\" data-widget_type=\"icon-box.default\">\n\t\t\t\t<div class=\"elementor-widget-container\">\n\t\t\t\t\t<div class=\"elementor-icon-box-wrapper\">\n\n\t\t\t\t\t\t<div class=\"elementor-icon-box-icon\">\n\t\t\t\t<span  class=\"elementor-icon elementor-animation-\">\n\t\t\t\t<svg aria-hidden=\"true\" class=\"e-font-icon-svg e-far-grin-alt\" viewBox=\"0 0 496 512\" xmlns=\"http:\/\/www.w3.org\/2000\/svg\"><path d=\"M200.3 248c12.4-18.7 15.1-37.3 15.7-56-.5-18.7-3.3-37.3-15.7-56-8-12-25.1-11.4-32.7 0-12.4 18.7-15.1 37.3-15.7 56 .5 18.7 3.3 37.3 15.7 56 8.1 12 25.2 11.4 32.7 0zm128 0c12.4-18.7 15.1-37.3 15.7-56-.5-18.7-3.3-37.3-15.7-56-8-12-25.1-11.4-32.7 0-12.4 18.7-15.1 37.3-15.7 56 .5 18.7 3.3 37.3 15.7 56 8.1 12 25.2 11.4 32.7 0zM248 8C111 8 0 119 0 256s111 248 248 248 248-111 248-248S385 8 248 8zm0 448c-110.3 0-200-89.7-200-200S137.7 56 248 56s200 89.7 200 200-89.7 200-200 200zm105.6-151.4c-25.9 8.3-64.4 13.1-105.6 13.1s-79.6-4.8-105.6-13.1c-9.9-3.1-19.4 5.3-17.7 15.3 7.9 47.2 71.3 80 123.3 80s115.3-32.9 123.3-80c1.6-9.8-7.7-18.4-17.7-15.3z\"><\/path><\/svg>\t\t\t\t<\/span>\n\t\t\t<\/div>\n\t\t\t\n\t\t\t\t\t\t<div class=\"elementor-icon-box-content\">\n\n\t\t\t\t\t\t\t\t\t<h3 class=\"elementor-icon-box-title\">\n\t\t\t\t\t\t<span  >\n\t\t\t\t\t\t\tATENCI\u00d3N PERSONALIZADA\t\t\t\t\t\t<\/span>\n\t\t\t\t\t<\/h3>\n\t\t\t\t\n\t\t\t\t\t\t\t\t\t<p class=\"elementor-icon-box-description\">\n\t\t\t\t\t\tServicio al Cliente\t\t\t\t\t<\/p>\n\t\t\t\t\n\t\t\t<\/div>\n\t\t\t\n\t\t<\/div>\n\t\t\t\t<\/div>\n\t\t\t\t<\/div>\n\t\t\t\t<div class=\"elementor-element elementor-element-811ed9e elementor-widget elementor-widget-spacer\" data-id=\"811ed9e\" data-element_type=\"widget\" data-widget_type=\"spacer.default\">\n\t\t\t\t<div class=\"elementor-widget-container\">\n\t\t\t\t\t<div class=\"elementor-spacer\">\n\t\t\t<div class=\"elementor-spacer-inner\"><\/div>\n\t\t<\/div>\n\t\t\t\t<\/div>\n\t\t\t\t<\/div>\n\t\t\t\t<\/div>\n\t\t\t\t\t<\/div>\n\t\t\t\t<\/div>\n\t\t<div class=\"elementor-element elementor-element-b246183 elementor-hidden-tablet elementor-hidden-mobile e-flex e-con-boxed e-con e-parent\" data-id=\"b246183\" data-element_type=\"container\" data-settings=\"{&quot;background_background&quot;:&quot;classic&quot;}\">\n\t\t\t\t\t<div class=\"e-con-inner\">\n\t\t\t\t<div class=\"elementor-element elementor-element-c6d3d05 elementor-widget elementor-widget-image\" data-id=\"c6d3d05\" data-element_type=\"widget\" data-widget_type=\"image.default\">\n\t\t\t\t<div class=\"elementor-widget-container\">\n\t\t\t\t\t\t\t\t\t\t\t\t\t<img decoding=\"async\" width=\"300\" height=\"205\" src=\"https:\/\/nuevaweb.ccsmotor.com.co\/wp-content\/uploads\/2024\/04\/LOGO.png\" class=\"attachment-large size-large wp-image-130\" alt=\"\" \/>\t\t\t\t\t\t\t\t\t\t\t\t\t<\/div>\n\t\t\t\t<\/div>\n\t\t\t\t<div class=\"elementor-element elementor-element-002230b elementor-widget elementor-widget-text-editor\" data-id=\"002230b\" data-element_type=\"widget\" data-widget_type=\"text-editor.default\">\n\t\t\t\t<div class=\"elementor-widget-container\">\n\t\t\t\t\t\t\t<div class=\"av-special-heading av-special-heading-h2 custom-color-heading blockquote modern-quote modern-centered av-inherit-size\"><h2 class=\"av-special-heading-tag\">CON TODO EL RESPALDO<\/h2><\/div><section class=\"av_textblock_section\"><div class=\"avia_textblock av_inherit_color\"><p>Cuando compras una motocicleta de las marcas que comercializa Auteco y Autocolombiana, obtienes adem\u00e1s todo el apoyo y el respaldo de las mejores ensambladoras de motos de Colombia.<\/p><p dir=\"ltr\">Como parte de este respaldo, est\u00e1 la\u00a0<strong>garant\u00eda<\/strong>\u00a0de tu moto. La garant\u00eda es un per\u00edodo durante el cual\u00a0<strong>Auteco y Autocolombiana<\/strong>\u00a0te garantizan el correcto funcionamiento de tu moto de acuerdo con sus caracter\u00edsticas t\u00e9cnicas. De esta forma, puedes disfrutar de tu moto con tranquilidad durante m\u00e1s tiempo y m\u00e1s kil\u00f3metros.<\/p><\/div><\/section>\t\t\t\t\t\t<\/div>\n\t\t\t\t<\/div>\n\t\t\t\t\t<\/div>\n\t\t\t\t<\/div>\n\t\t<div class=\"elementor-element elementor-element-5be865d elementor-hidden-desktop e-flex e-con-boxed e-con e-parent\" data-id=\"5be865d\" data-element_type=\"container\" data-settings=\"{&quot;background_background&quot;:&quot;classic&quot;}\">\n\t\t\t\t\t<div class=\"e-con-inner\">\n\t\t\t\t<div class=\"elementor-element elementor-element-ac97bab elementor-widget elementor-widget-image\" data-id=\"ac97bab\" data-element_type=\"widget\" data-widget_type=\"image.default\">\n\t\t\t\t<div class=\"elementor-widget-container\">\n\t\t\t\t\t\t\t\t\t\t\t\t\t<img decoding=\"async\" width=\"300\" height=\"205\" src=\"https:\/\/nuevaweb.ccsmotor.com.co\/wp-content\/uploads\/2024\/04\/LOGO.png\" class=\"attachment-large size-large wp-image-130\" alt=\"\" \/>\t\t\t\t\t\t\t\t\t\t\t\t\t<\/div>\n\t\t\t\t<\/div>\n\t\t\t\t<div class=\"elementor-element elementor-element-f1c8520 elementor-widget elementor-widget-text-editor\" data-id=\"f1c8520\" data-element_type=\"widget\" data-widget_type=\"text-editor.default\">\n\t\t\t\t<div class=\"elementor-widget-container\">\n\t\t\t\t\t\t\t<div class=\"av-special-heading av-special-heading-h2 custom-color-heading blockquote modern-quote modern-centered av-inherit-size\"><h2 class=\"av-special-heading-tag\">CON TODO EL RESPALDO<\/h2><\/div><section class=\"av_textblock_section\"><div class=\"avia_textblock av_inherit_color\"><p>Cuando compras una motocicleta de las marcas que comercializa Auteco y Autocolombiana, obtienes adem\u00e1s todo el apoyo y el respaldo de las mejores ensambladoras de motos de Colombia.<\/p><p dir=\"ltr\">Como parte de este respaldo, est\u00e1 la\u00a0<strong>garant\u00eda<\/strong>\u00a0de tu moto. La garant\u00eda es un per\u00edodo durante el cual\u00a0<strong>Auteco y Autocolombiana<\/strong>\u00a0te garantizan el correcto funcionamiento de tu moto de acuerdo con sus caracter\u00edsticas t\u00e9cnicas. De esta forma, puedes disfrutar de tu moto con tranquilidad durante m\u00e1s tiempo y m\u00e1s kil\u00f3metros.<\/p><\/div><\/section>\t\t\t\t\t\t<\/div>\n\t\t\t\t<\/div>\n\t\t\t\t\t<\/div>\n\t\t\t\t<\/div>\n\t\t<div class=\"elementor-element elementor-element-2b881d3 e-con-full e-flex e-con e-parent\" data-id=\"2b881d3\" data-element_type=\"container\">\n\t\t<div class=\"elementor-element elementor-element-99b3406 e-con-full e-flex e-con e-child\" data-id=\"99b3406\" data-element_type=\"container\">\n\t\t\t\t<div class=\"elementor-element elementor-element-4013f83 elementor-widget elementor-widget-text-editor\" data-id=\"4013f83\" data-element_type=\"widget\" data-widget_type=\"text-editor.default\">\n\t\t\t\t<div class=\"elementor-widget-container\">\n\t\t\t\t\t\t\t<div class=\"av-special-heading av-special-heading-h2 blockquote modern-quote av-inherit-size\"><h2 class=\"av-special-heading-tag\">\u00bfCU\u00c1L ES EL PER\u00cdODO DE GARANT\u00cdA PARA TU MOTO?<\/h2><\/div><div class=\"hr hr-custom hr-left hr-icon-no \">\u00a0<\/div><section class=\"av_textblock_section\"><div class=\"avia_textblock \"><p><strong>TVS ( Garantia Auteco)<\/strong><br \/>24 meses o 24.000 km, lo que primero ocurra.<\/p><p><strong>KTM Garantia Autocolombiana)<br \/><\/strong>24 meses o 24.000 km, lo que primero ocurra.<\/p><\/div><\/section>\t\t\t\t\t\t<\/div>\n\t\t\t\t<\/div>\n\t\t\t\t<\/div>\n\t\t<div class=\"elementor-element elementor-element-cdcf189 e-con-full e-flex e-con e-child\" data-id=\"cdcf189\" data-element_type=\"container\">\n\t\t\t\t<div class=\"elementor-element elementor-element-0826782 elementor-widget elementor-widget-text-editor\" data-id=\"0826782\" data-element_type=\"widget\" data-widget_type=\"text-editor.default\">\n\t\t\t\t<div class=\"elementor-widget-container\">\n\t\t\t\t\t\t\t<div class=\"av-special-heading av-special-heading-h2 blockquote modern-quote av-inherit-size\">\n<h2 class=\"av-special-heading-tag\">PARA TENER EN CUENTA<\/h2>\n<\/div>\n<div class=\"hr hr-custom hr-left hr-icon-no \">&nbsp;<\/div>\n<section class=\"av_textblock_section\">\n<div class=\"avia_textblock \">\n<p>Estos per\u00edodos de garant\u00eda est\u00e1n sujetos a cambios sin previo aviso y son vigentes al momento de la publicaci\u00f3n de este art\u00edculo (junio 2025).<\/p>\n<\/div>\n<\/section>\t\t\t\t\t\t<\/div>\n\t\t\t\t<\/div>\n\t\t\t\t<\/div>\n\t\t\t\t<\/div>\n\t\t\t\t<\/div>\n\t\t","protected":false},"excerpt":{"rendered":"<p>Auteco Corporativo (TVS) AUTECO\u00a0sirve con\u00a0entusiasmo, excelencia y dinamismo, las necesidades y expectativas de nuestros clientes internos y externos,\u00a0mejorando continuamente\u00a0la tecnolog\u00eda y la calidad de nuestros productos y servicios en las \u00e1reas de fabricaci\u00f3n y comercializaci\u00f3n, de manera que respondan a las necesidades de transporte, recreaci\u00f3n, diversi\u00f3n, equipos de trabajo, energ\u00eda y suministros para terceros, y [&hellip;]<\/p>\n","protected":false},"author":1,"featured_media":0,"parent":0,"menu_order":0,"comment_status":"closed","ping_status":"closed","template":"","meta":{"footnotes":""},"class_list":["post-1919","page","type-page","status-publish","hentry"],"_links":{"self":[{"href":"https:\/\/nuevaweb.ccsmotor.com.co\/index.php\/wp-json\/wp\/v2\/pages\/1919","targetHints":{"allow":["GET"]}}],"collection":[{"href":"https:\/\/nuevaweb.ccsmotor.com.co\/index.php\/wp-json\/wp\/v2\/pages"}],"about":[{"href":"https:\/\/nuevaweb.ccsmotor.com.co\/index.php\/wp-json\/wp\/v2\/types\/page"}],"author":[{"embeddable":true,"href":"https:\/\/nuevaweb.ccsmotor.com.co\/index.php\/wp-json\/wp\/v2\/users\/1"}],"replies":[{"embeddable":true,"href":"https:\/\/nuevaweb.ccsmotor.com.co\/index.php\/wp-json\/wp\/v2\/comments?post=1919"}],"version-history":[{"count":82,"href":"https:\/\/nuevaweb.ccsmotor.com.co\/index.php\/wp-json\/wp\/v2\/pages\/1919\/revisions"}],"predecessor-version":[{"id":2131,"href":"https:\/\/nuevaweb.ccsmotor.com.co\/index.php\/wp-json\/wp\/v2\/pages\/1919\/revisions\/2131"}],"wp:attachment":[{"href":"https:\/\/nuevaweb.ccsmotor.com.co\/index.php\/wp-json\/wp\/v2\/media?parent=1919"}],"curies":[{"name":"wp","href":"https:\/\/api.w.org\/{rel}","templated":true}]}}