{"id":1981,"date":"2024-05-30T10:03:51","date_gmt":"2024-05-30T15:03:51","guid":{"rendered":"https:\/\/nuevaweb.ccsmotor.com.co\/?page_id=1981"},"modified":"2024-05-30T16:35:21","modified_gmt":"2024-05-30T21:35:21","slug":"talleres","status":"publish","type":"page","link":"https:\/\/nuevaweb.ccsmotor.com.co\/index.php\/talleres\/","title":{"rendered":"REPUESTOS"},"content":{"rendered":"\t\t<div data-elementor-type=\"wp-page\" data-elementor-id=\"1981\" class=\"elementor elementor-1981\" data-elementor-post-type=\"page\">\n\t\t\t\t<div class=\"elementor-element elementor-element-4c23c44 elementor-hidden-tablet elementor-hidden-mobile e-flex e-con-boxed e-con e-parent\" data-id=\"4c23c44\" data-element_type=\"container\">\n\t\t\t\t\t<div class=\"e-con-inner\">\n\t\t\t\t<div class=\"elementor-element elementor-element-0ef253a elementor-widget elementor-widget-spacer\" data-id=\"0ef253a\" data-element_type=\"widget\" data-widget_type=\"spacer.default\">\n\t\t\t\t<div class=\"elementor-widget-container\">\n\t\t\t<style>\/*! elementor - v3.21.0 - 25-04-2024 *\/\n.elementor-column .elementor-spacer-inner{height:var(--spacer-size)}.e-con{--container-widget-width:100%}.e-con-inner>.elementor-widget-spacer,.e-con>.elementor-widget-spacer{width:var(--container-widget-width,var(--spacer-size));--align-self:var(--container-widget-align-self,initial);--flex-shrink:0}.e-con-inner>.elementor-widget-spacer>.elementor-widget-container,.e-con>.elementor-widget-spacer>.elementor-widget-container{height:100%;width:100%}.e-con-inner>.elementor-widget-spacer>.elementor-widget-container>.elementor-spacer,.e-con>.elementor-widget-spacer>.elementor-widget-container>.elementor-spacer{height:100%}.e-con-inner>.elementor-widget-spacer>.elementor-widget-container>.elementor-spacer>.elementor-spacer-inner,.e-con>.elementor-widget-spacer>.elementor-widget-container>.elementor-spacer>.elementor-spacer-inner{height:var(--container-widget-height,var(--spacer-size))}.e-con-inner>.elementor-widget-spacer.elementor-widget-empty,.e-con>.elementor-widget-spacer.elementor-widget-empty{position:relative;min-height:22px;min-width:22px}.e-con-inner>.elementor-widget-spacer.elementor-widget-empty .elementor-widget-empty-icon,.e-con>.elementor-widget-spacer.elementor-widget-empty .elementor-widget-empty-icon{position:absolute;top:0;bottom:0;left:0;right:0;margin:auto;padding:0;width:22px;height:22px}<\/style>\t\t<div class=\"elementor-spacer\">\n\t\t\t<div class=\"elementor-spacer-inner\"><\/div>\n\t\t<\/div>\n\t\t\t\t<\/div>\n\t\t\t\t<\/div>\n\t\t\t\t<div class=\"elementor-element elementor-element-1cf767c elementor-widget elementor-widget-heading\" data-id=\"1cf767c\" data-element_type=\"widget\" data-widget_type=\"heading.default\">\n\t\t\t\t<div class=\"elementor-widget-container\">\n\t\t\t<style>\/*! elementor - v3.21.0 - 25-04-2024 *\/\n.elementor-heading-title{padding:0;margin:0;line-height:1}.elementor-widget-heading .elementor-heading-title[class*=elementor-size-]>a{color:inherit;font-size:inherit;line-height:inherit}.elementor-widget-heading .elementor-heading-title.elementor-size-small{font-size:15px}.elementor-widget-heading .elementor-heading-title.elementor-size-medium{font-size:19px}.elementor-widget-heading .elementor-heading-title.elementor-size-large{font-size:29px}.elementor-widget-heading .elementor-heading-title.elementor-size-xl{font-size:39px}.elementor-widget-heading .elementor-heading-title.elementor-size-xxl{font-size:59px}<\/style><h2 class=\"elementor-heading-title elementor-size-default\">REPUESTOS<\/h2>\t\t<\/div>\n\t\t\t\t<\/div>\n\t\t\t\t<div class=\"elementor-element elementor-element-2297648 elementor-widget elementor-widget-text-editor\" data-id=\"2297648\" data-element_type=\"widget\" data-widget_type=\"text-editor.default\">\n\t\t\t\t<div class=\"elementor-widget-container\">\n\t\t\t<style>\/*! elementor - v3.21.0 - 25-04-2024 *\/\n.elementor-widget-text-editor.elementor-drop-cap-view-stacked .elementor-drop-cap{background-color:#69727d;color:#fff}.elementor-widget-text-editor.elementor-drop-cap-view-framed .elementor-drop-cap{color:#69727d;border:3px solid;background-color:transparent}.elementor-widget-text-editor:not(.elementor-drop-cap-view-default) .elementor-drop-cap{margin-top:8px}.elementor-widget-text-editor:not(.elementor-drop-cap-view-default) .elementor-drop-cap-letter{width:1em;height:1em}.elementor-widget-text-editor .elementor-drop-cap{float:left;text-align:center;line-height:1;font-size:50px}.elementor-widget-text-editor .elementor-drop-cap-letter{display:inline-block}<\/style>\t\t\t\t<h3 class=\"av-special-heading-tag\">Contamos con una amplia red de servicio t\u00e9cnico y venta de repuestos que respalda sus productos contactenos 3209087896<\/h3>\t\t\t\t\t\t<\/div>\n\t\t\t\t<\/div>\n\t\t\t\t\t<\/div>\n\t\t\t\t<\/div>\n\t\t<div class=\"elementor-element elementor-element-a4ee6d9 elementor-hidden-mobile e-flex e-con-boxed e-con e-parent\" data-id=\"a4ee6d9\" data-element_type=\"container\" data-settings=\"{&quot;background_background&quot;:&quot;classic&quot;}\">\n\t\t\t\t\t<div class=\"e-con-inner\">\n\t\t<div class=\"elementor-element elementor-element-f277137 e-con-full e-flex e-con e-child\" data-id=\"f277137\" data-element_type=\"container\">\n\t\t\t\t<div class=\"elementor-element elementor-element-c94709c elementor-widget elementor-widget-image\" data-id=\"c94709c\" data-element_type=\"widget\" data-widget_type=\"image.default\">\n\t\t\t\t<div class=\"elementor-widget-container\">\n\t\t\t<style>\/*! elementor - v3.21.0 - 25-04-2024 *\/\n.elementor-widget-image{text-align:center}.elementor-widget-image a{display:inline-block}.elementor-widget-image a img[src$=\".svg\"]{width:48px}.elementor-widget-image img{vertical-align:middle;display:inline-block}<\/style>\t\t\t\t\t\t\t\t\t\t<img fetchpriority=\"high\" decoding=\"async\" width=\"2100\" height=\"1400\" src=\"https:\/\/nuevaweb.ccsmotor.com.co\/wp-content\/uploads\/2024\/05\/portrait-young-handsome-contractor-going-through-home-inspection-white-background2.jpg\" class=\"attachment-full size-full wp-image-1987\" alt=\"\" srcset=\"https:\/\/nuevaweb.ccsmotor.com.co\/wp-content\/uploads\/2024\/05\/portrait-young-handsome-contractor-going-through-home-inspection-white-background2.jpg 2100w, https:\/\/nuevaweb.ccsmotor.com.co\/wp-content\/uploads\/2024\/05\/portrait-young-handsome-contractor-going-through-home-inspection-white-background2-300x200.jpg 300w, https:\/\/nuevaweb.ccsmotor.com.co\/wp-content\/uploads\/2024\/05\/portrait-young-handsome-contractor-going-through-home-inspection-white-background2-1024x683.jpg 1024w, https:\/\/nuevaweb.ccsmotor.com.co\/wp-content\/uploads\/2024\/05\/portrait-young-handsome-contractor-going-through-home-inspection-white-background2-768x512.jpg 768w, https:\/\/nuevaweb.ccsmotor.com.co\/wp-content\/uploads\/2024\/05\/portrait-young-handsome-contractor-going-through-home-inspection-white-background2-1536x1024.jpg 1536w, https:\/\/nuevaweb.ccsmotor.com.co\/wp-content\/uploads\/2024\/05\/portrait-young-handsome-contractor-going-through-home-inspection-white-background2-2048x1365.jpg 2048w\" sizes=\"(max-width: 2100px) 100vw, 2100px\" \/>\t\t\t\t\t\t\t\t\t\t\t\t\t<\/div>\n\t\t\t\t<\/div>\n\t\t\t\t<\/div>\n\t\t<div class=\"elementor-element elementor-element-0633b2a e-con-full e-flex e-con e-child\" data-id=\"0633b2a\" data-element_type=\"container\">\n\t\t\t\t<div class=\"elementor-element elementor-element-53ca5fb elementor-widget elementor-widget-text-editor\" data-id=\"53ca5fb\" data-element_type=\"widget\" data-widget_type=\"text-editor.default\">\n\t\t\t\t<div class=\"elementor-widget-container\">\n\t\t\t\t\t\t\t<p>Contando en nuestro portafolio con marcas de tan amplio reconocimiento y trayectoria como Kawasaki, Bajaj y Kymco, tenemos la responsabilidad de estar a la altura en t\u00e9rminos de disponibilidad, calidad, garant\u00eda y precio, cuando se trata tanto de motos como de repuestos. Para lograr esto, hemos invertido m\u00e1s de siete mil millones de pesos en inventario de repuestos originales, gen\u00e9ricos y accesorios, que le aseguran al comprador respaldo y excelencia en calidad, puesto que provienen de las casas matrices en el caso de los originales y de proveedores de categor\u00eda mundial, en el caso de los gen\u00e9ricos y accesorios.<\/p>\t\t\t\t\t\t<\/div>\n\t\t\t\t<\/div>\n\t\t\t\t<\/div>\n\t\t\t\t\t<\/div>\n\t\t\t\t<\/div>\n\t\t<div class=\"elementor-element elementor-element-c149fc7 elementor-hidden-desktop e-flex e-con-boxed e-con e-parent\" data-id=\"c149fc7\" data-element_type=\"container\">\n\t\t\t\t\t<div class=\"e-con-inner\">\n\t\t\t\t<div class=\"elementor-element elementor-element-da22fe9 elementor-widget elementor-widget-heading\" data-id=\"da22fe9\" data-element_type=\"widget\" data-widget_type=\"heading.default\">\n\t\t\t\t<div class=\"elementor-widget-container\">\n\t\t\t<h2 class=\"elementor-heading-title elementor-size-default\">REPUESTOS<\/h2>\t\t<\/div>\n\t\t\t\t<\/div>\n\t\t\t\t<div class=\"elementor-element elementor-element-2224b6f elementor-widget elementor-widget-heading\" data-id=\"2224b6f\" data-element_type=\"widget\" data-widget_type=\"heading.default\">\n\t\t\t\t<div class=\"elementor-widget-container\">\n\t\t\t<h4 class=\"elementor-heading-title elementor-size-default\">Contamos con una amplia red de servicio t\u00e9cnico y venta de repuestos que respalda sus productos contactenos 3209087896<\/h4>\t\t<\/div>\n\t\t\t\t<\/div>\n\t\t\t\t<div class=\"elementor-element elementor-element-ecf3ac0 elementor-widget elementor-widget-image\" data-id=\"ecf3ac0\" data-element_type=\"widget\" data-widget_type=\"image.default\">\n\t\t\t\t<div class=\"elementor-widget-container\">\n\t\t\t\t\t\t\t\t\t\t\t\t\t<img decoding=\"async\" width=\"800\" height=\"534\" src=\"https:\/\/nuevaweb.ccsmotor.com.co\/wp-content\/uploads\/2024\/05\/portrait-young-handsome-contractor-going-through-home-inspection-white-background2-1024x683.jpg\" class=\"attachment-large size-large wp-image-1987\" alt=\"\" srcset=\"https:\/\/nuevaweb.ccsmotor.com.co\/wp-content\/uploads\/2024\/05\/portrait-young-handsome-contractor-going-through-home-inspection-white-background2-1024x683.jpg 1024w, https:\/\/nuevaweb.ccsmotor.com.co\/wp-content\/uploads\/2024\/05\/portrait-young-handsome-contractor-going-through-home-inspection-white-background2-300x200.jpg 300w, https:\/\/nuevaweb.ccsmotor.com.co\/wp-content\/uploads\/2024\/05\/portrait-young-handsome-contractor-going-through-home-inspection-white-background2-768x512.jpg 768w, https:\/\/nuevaweb.ccsmotor.com.co\/wp-content\/uploads\/2024\/05\/portrait-young-handsome-contractor-going-through-home-inspection-white-background2-1536x1024.jpg 1536w, https:\/\/nuevaweb.ccsmotor.com.co\/wp-content\/uploads\/2024\/05\/portrait-young-handsome-contractor-going-through-home-inspection-white-background2-2048x1365.jpg 2048w\" sizes=\"(max-width: 800px) 100vw, 800px\" \/>\t\t\t\t\t\t\t\t\t\t\t\t\t<\/div>\n\t\t\t\t<\/div>\n\t\t\t\t<div class=\"elementor-element elementor-element-3f16181 elementor-widget elementor-widget-text-editor\" data-id=\"3f16181\" data-element_type=\"widget\" data-widget_type=\"text-editor.default\">\n\t\t\t\t<div class=\"elementor-widget-container\">\n\t\t\t\t\t\t\t<p>Contando en nuestro portafolio con marcas de tan amplio reconocimiento y trayectoria como Kawasaki, Bajaj y Kymco, tenemos la responsabilidad de estar a la altura en t\u00e9rminos de disponibilidad, calidad, garant\u00eda y precio, cuando se trata tanto de motos como de repuestos. Para lograr esto, hemos invertido m\u00e1s de siete mil millones de pesos en inventario de repuestos originales, gen\u00e9ricos y accesorios, que le aseguran al comprador respaldo y excelencia en calidad, puesto que provienen de las casas matrices en el caso de los originales y de proveedores de categor\u00eda mundial, en el caso de los gen\u00e9ricos y accesorios.<\/p>\t\t\t\t\t\t<\/div>\n\t\t\t\t<\/div>\n\t\t\t\t\t<\/div>\n\t\t\t\t<\/div>\n\t\t<div class=\"elementor-element elementor-element-7519741 e-flex e-con-boxed e-con e-parent\" data-id=\"7519741\" data-element_type=\"container\" data-settings=\"{&quot;background_background&quot;:&quot;classic&quot;}\">\n\t\t\t\t\t<div class=\"e-con-inner\">\n\t\t<div class=\"elementor-element elementor-element-33b5909 e-con-full e-flex e-con e-child\" data-id=\"33b5909\" data-element_type=\"container\">\n\t\t\t\t<div class=\"elementor-element elementor-element-a01d997 elementor-widget elementor-widget-image\" data-id=\"a01d997\" data-element_type=\"widget\" data-widget_type=\"image.default\">\n\t\t\t\t<div class=\"elementor-widget-container\">\n\t\t\t\t\t\t\t\t\t\t\t\t\t<img decoding=\"async\" width=\"300\" height=\"205\" src=\"https:\/\/nuevaweb.ccsmotor.com.co\/wp-content\/uploads\/2024\/04\/LOGO.png\" class=\"attachment-full size-full wp-image-130\" alt=\"\" \/>\t\t\t\t\t\t\t\t\t\t\t\t\t<\/div>\n\t\t\t\t<\/div>\n\t\t\t\t<\/div>\n\t\t<div class=\"elementor-element elementor-element-bf6167f e-con-full e-flex e-con e-child\" data-id=\"bf6167f\" data-element_type=\"container\">\n\t\t\t\t<div class=\"elementor-element elementor-element-bd567f3 elementor-widget elementor-widget-image\" data-id=\"bd567f3\" data-element_type=\"widget\" data-widget_type=\"image.default\">\n\t\t\t\t<div class=\"elementor-widget-container\">\n\t\t\t\t\t\t\t\t\t\t\t\t\t<img loading=\"lazy\" decoding=\"async\" width=\"536\" height=\"535\" src=\"https:\/\/nuevaweb.ccsmotor.com.co\/wp-content\/uploads\/2024\/05\/reouestos.png\" class=\"attachment-large size-large wp-image-2116\" alt=\"\" srcset=\"https:\/\/nuevaweb.ccsmotor.com.co\/wp-content\/uploads\/2024\/05\/reouestos.png 536w, https:\/\/nuevaweb.ccsmotor.com.co\/wp-content\/uploads\/2024\/05\/reouestos-300x300.png 300w, https:\/\/nuevaweb.ccsmotor.com.co\/wp-content\/uploads\/2024\/05\/reouestos-150x150.png 150w\" sizes=\"(max-width: 536px) 100vw, 536px\" \/>\t\t\t\t\t\t\t\t\t\t\t\t\t<\/div>\n\t\t\t\t<\/div>\n\t\t\t\t<\/div>\n\t\t\t\t\t<\/div>\n\t\t\t\t<\/div>\n\t\t<div class=\"elementor-element elementor-element-05d32b9 e-flex e-con-boxed e-con e-parent\" data-id=\"05d32b9\" data-element_type=\"container\">\n\t\t\t\t\t<div class=\"e-con-inner\">\n\t\t<div class=\"elementor-element elementor-element-869cc9c e-con-full e-flex e-con e-child\" data-id=\"869cc9c\" data-element_type=\"container\">\n\t\t\t\t<div class=\"elementor-element elementor-element-01a71a5 elementor-view-default elementor-position-top elementor-mobile-position-top elementor-widget elementor-widget-icon-box\" data-id=\"01a71a5\" data-element_type=\"widget\" data-widget_type=\"icon-box.default\">\n\t\t\t\t<div class=\"elementor-widget-container\">\n\t\t\t<link rel=\"stylesheet\" href=\"https:\/\/nuevaweb.ccsmotor.com.co\/wp-content\/plugins\/elementor\/assets\/css\/widget-icon-box.min.css\">\t\t<div class=\"elementor-icon-box-wrapper\">\n\n\t\t\t\t\t\t<div class=\"elementor-icon-box-icon\">\n\t\t\t\t<a href=\"https:\/\/www.auteco.com.co\/repuestos-y-manuales\/\" class=\"elementor-icon elementor-animation-\" tabindex=\"-1\">\n\t\t\t\t<svg aria-hidden=\"true\" class=\"e-font-icon-svg e-far-list-alt\" viewBox=\"0 0 512 512\" xmlns=\"http:\/\/www.w3.org\/2000\/svg\"><path d=\"M464 32H48C21.49 32 0 53.49 0 80v352c0 26.51 21.49 48 48 48h416c26.51 0 48-21.49 48-48V80c0-26.51-21.49-48-48-48zm-6 400H54a6 6 0 0 1-6-6V86a6 6 0 0 1 6-6h404a6 6 0 0 1 6 6v340a6 6 0 0 1-6 6zm-42-92v24c0 6.627-5.373 12-12 12H204c-6.627 0-12-5.373-12-12v-24c0-6.627 5.373-12 12-12h200c6.627 0 12 5.373 12 12zm0-96v24c0 6.627-5.373 12-12 12H204c-6.627 0-12-5.373-12-12v-24c0-6.627 5.373-12 12-12h200c6.627 0 12 5.373 12 12zm0-96v24c0 6.627-5.373 12-12 12H204c-6.627 0-12-5.373-12-12v-24c0-6.627 5.373-12 12-12h200c6.627 0 12 5.373 12 12zm-252 12c0 19.882-16.118 36-36 36s-36-16.118-36-36 16.118-36 36-36 36 16.118 36 36zm0 96c0 19.882-16.118 36-36 36s-36-16.118-36-36 16.118-36 36-36 36 16.118 36 36zm0 96c0 19.882-16.118 36-36 36s-36-16.118-36-36 16.118-36 36-36 36 16.118 36 36z\"><\/path><\/svg>\t\t\t\t<\/a>\n\t\t\t<\/div>\n\t\t\t\n\t\t\t\t\t\t<div class=\"elementor-icon-box-content\">\n\n\t\t\t\t\t\t\t\t\t<h3 class=\"elementor-icon-box-title\">\n\t\t\t\t\t\t<a href=\"https:\/\/www.auteco.com.co\/repuestos-y-manuales\/\" >\n\t\t\t\t\t\t\tLISTA DE PRECIOS\t\t\t\t\t\t<\/a>\n\t\t\t\t\t<\/h3>\n\t\t\t\t\n\t\t\t\t\t\t\t\t\t<p class=\"elementor-icon-box-description\">\n\t\t\t\t\t\tConsulta nuestros precios\t\t\t\t\t<\/p>\n\t\t\t\t\n\t\t\t<\/div>\n\t\t\t\n\t\t<\/div>\n\t\t\t\t<\/div>\n\t\t\t\t<\/div>\n\t\t\t\t<div class=\"elementor-element elementor-element-10e4b15 elementor-widget elementor-widget-spacer\" data-id=\"10e4b15\" data-element_type=\"widget\" data-widget_type=\"spacer.default\">\n\t\t\t\t<div class=\"elementor-widget-container\">\n\t\t\t\t\t<div class=\"elementor-spacer\">\n\t\t\t<div class=\"elementor-spacer-inner\"><\/div>\n\t\t<\/div>\n\t\t\t\t<\/div>\n\t\t\t\t<\/div>\n\t\t\t\t<\/div>\n\t\t<div class=\"elementor-element elementor-element-1c44d4a e-con-full e-flex e-con e-child\" data-id=\"1c44d4a\" data-element_type=\"container\">\n\t\t\t\t<div class=\"elementor-element elementor-element-a6f034b elementor-view-default elementor-position-top elementor-mobile-position-top elementor-widget elementor-widget-icon-box\" data-id=\"a6f034b\" data-element_type=\"widget\" data-widget_type=\"icon-box.default\">\n\t\t\t\t<div class=\"elementor-widget-container\">\n\t\t\t\t\t<div class=\"elementor-icon-box-wrapper\">\n\n\t\t\t\t\t\t<div class=\"elementor-icon-box-icon\">\n\t\t\t\t<a href=\"https:\/\/www.auteco.com.co\/catalogo-de-partes\/\" class=\"elementor-icon elementor-animation-\" tabindex=\"-1\">\n\t\t\t\t<svg aria-hidden=\"true\" class=\"e-font-icon-svg e-far-newspaper\" viewBox=\"0 0 576 512\" xmlns=\"http:\/\/www.w3.org\/2000\/svg\"><path d=\"M552 64H112c-20.858 0-38.643 13.377-45.248 32H24c-13.255 0-24 10.745-24 24v272c0 30.928 25.072 56 56 56h496c13.255 0 24-10.745 24-24V88c0-13.255-10.745-24-24-24zM48 392V144h16v248c0 4.411-3.589 8-8 8s-8-3.589-8-8zm480 8H111.422c.374-2.614.578-5.283.578-8V112h416v288zM172 280h136c6.627 0 12-5.373 12-12v-96c0-6.627-5.373-12-12-12H172c-6.627 0-12 5.373-12 12v96c0 6.627 5.373 12 12 12zm28-80h80v40h-80v-40zm-40 140v-24c0-6.627 5.373-12 12-12h136c6.627 0 12 5.373 12 12v24c0 6.627-5.373 12-12 12H172c-6.627 0-12-5.373-12-12zm192 0v-24c0-6.627 5.373-12 12-12h104c6.627 0 12 5.373 12 12v24c0 6.627-5.373 12-12 12H364c-6.627 0-12-5.373-12-12zm0-144v-24c0-6.627 5.373-12 12-12h104c6.627 0 12 5.373 12 12v24c0 6.627-5.373 12-12 12H364c-6.627 0-12-5.373-12-12zm0 72v-24c0-6.627 5.373-12 12-12h104c6.627 0 12 5.373 12 12v24c0 6.627-5.373 12-12 12H364c-6.627 0-12-5.373-12-12z\"><\/path><\/svg>\t\t\t\t<\/a>\n\t\t\t<\/div>\n\t\t\t\n\t\t\t\t\t\t<div class=\"elementor-icon-box-content\">\n\n\t\t\t\t\t\t\t\t\t<h3 class=\"elementor-icon-box-title\">\n\t\t\t\t\t\t<a href=\"https:\/\/www.auteco.com.co\/catalogo-de-partes\/\" >\n\t\t\t\t\t\t\tCATALOGO DE PARTES\t\t\t\t\t\t<\/a>\n\t\t\t\t\t<\/h3>\n\t\t\t\t\n\t\t\t\t\t\t\t\t\t<p class=\"elementor-icon-box-description\">\n\t\t\t\t\t\tVerifica que parte necesitas\t\t\t\t\t<\/p>\n\t\t\t\t\n\t\t\t<\/div>\n\t\t\t\n\t\t<\/div>\n\t\t\t\t<\/div>\n\t\t\t\t<\/div>\n\t\t\t\t<\/div>\n\t\t\t\t\t<\/div>\n\t\t\t\t<\/div>\n\t\t<div class=\"elementor-element elementor-element-088bcd4 e-flex e-con-boxed e-con e-parent\" data-id=\"088bcd4\" data-element_type=\"container\">\n\t\t\t\t\t<div class=\"e-con-inner\">\n\t\t\t\t<div class=\"elementor-element elementor-element-e2cfe13 elementor-align-center elementor-widget elementor-widget-button\" data-id=\"e2cfe13\" data-element_type=\"widget\" data-widget_type=\"button.default\">\n\t\t\t\t<div class=\"elementor-widget-container\">\n\t\t\t\t\t<div class=\"elementor-button-wrapper\">\n\t\t\t<a class=\"elementor-button elementor-button-link elementor-size-sm\" href=\"#\">\n\t\t\t\t\t\t<span class=\"elementor-button-content-wrapper\">\n\t\t\t\t\t\t\t\t\t<span class=\"elementor-button-text\">Necesito un respuesto<\/span>\n\t\t\t\t\t<\/span>\n\t\t\t\t\t<\/a>\n\t\t<\/div>\n\t\t\t\t<\/div>\n\t\t\t\t<\/div>\n\t\t\t\t<div class=\"elementor-element elementor-element-1bb0e5e elementor-widget elementor-widget-spacer\" data-id=\"1bb0e5e\" data-element_type=\"widget\" data-widget_type=\"spacer.default\">\n\t\t\t\t<div class=\"elementor-widget-container\">\n\t\t\t\t\t<div class=\"elementor-spacer\">\n\t\t\t<div class=\"elementor-spacer-inner\"><\/div>\n\t\t<\/div>\n\t\t\t\t<\/div>\n\t\t\t\t<\/div>\n\t\t\t\t\t<\/div>\n\t\t\t\t<\/div>\n\t\t\t\t<\/div>\n\t\t","protected":false},"excerpt":{"rendered":"<p>REPUESTOS Contamos con una amplia red de servicio t\u00e9cnico y venta de repuestos que respalda sus productos contactenos 3209087896 Contando en nuestro portafolio con marcas de tan amplio reconocimiento y trayectoria como Kawasaki, Bajaj y Kymco, tenemos la responsabilidad de estar a la altura en t\u00e9rminos de disponibilidad, calidad, garant\u00eda y precio, cuando se trata [&hellip;]<\/p>\n","protected":false},"author":1,"featured_media":0,"parent":0,"menu_order":0,"comment_status":"closed","ping_status":"closed","template":"","meta":{"footnotes":""},"class_list":["post-1981","page","type-page","status-publish","hentry"],"_links":{"self":[{"href":"https:\/\/nuevaweb.ccsmotor.com.co\/index.php\/wp-json\/wp\/v2\/pages\/1981","targetHints":{"allow":["GET"]}}],"collection":[{"href":"https:\/\/nuevaweb.ccsmotor.com.co\/index.php\/wp-json\/wp\/v2\/pages"}],"about":[{"href":"https:\/\/nuevaweb.ccsmotor.com.co\/index.php\/wp-json\/wp\/v2\/types\/page"}],"author":[{"embeddable":true,"href":"https:\/\/nuevaweb.ccsmotor.com.co\/index.php\/wp-json\/wp\/v2\/users\/1"}],"replies":[{"embeddable":true,"href":"https:\/\/nuevaweb.ccsmotor.com.co\/index.php\/wp-json\/wp\/v2\/comments?post=1981"}],"version-history":[{"count":74,"href":"https:\/\/nuevaweb.ccsmotor.com.co\/index.php\/wp-json\/wp\/v2\/pages\/1981\/revisions"}],"predecessor-version":[{"id":2128,"href":"https:\/\/nuevaweb.ccsmotor.com.co\/index.php\/wp-json\/wp\/v2\/pages\/1981\/revisions\/2128"}],"wp:attachment":[{"href":"https:\/\/nuevaweb.ccsmotor.com.co\/index.php\/wp-json\/wp\/v2\/media?parent=1981"}],"curies":[{"name":"wp","href":"https:\/\/api.w.org\/{rel}","templated":true}]}}